{"id":1,"date":"2019-09-05T09:37:25","date_gmt":"2019-09-05T07:37:25","guid":{"rendered":"https:\/\/groupespolitiques2021.naqui.fr\/?p=1"},"modified":"2024-08-21T16:06:50","modified_gmt":"2024-08-21T14:06:50","slug":"accueil","status":"publish","type":"page","link":"https:\/\/www.groupes-politiques-nouvelle-aquitaine.fr\/","title":{"rendered":"R\u00e9gion Nouvelle-Aquitaine &#8211; Tribune d&rsquo;expression des groupes politiques"},"content":{"rendered":"<h1>Tribune d&rsquo;expression des groupes politiques de la R\u00e9gion Nouvelle-Aquitaine<\/h1>\n<div>\n<p><span>L&rsquo;ensemble des groupes politiques de l&rsquo;assembl\u00e9e de la R\u00e9gion Nouvelle-Aquitaine <br \/><\/span><span>dispose d&rsquo;un espace de libre expression.<\/span><\/p>\n<\/div>\n<ul>\n<li>\n<p><img decoding=\"async\" src=\"\/wp-content\/uploads\/2021\/09\/Logo_PS.jpg\" alt=\"Logo Groupe PS et apparent\u00e9s\"><\/p>\n<h2>Parti Socialiste &#8211; Place Publique &#8211; Apparent\u00e9s<\/h2>\n<p><a href=\"https:\/\/socialistes-apparentes.groupes-politiques-nouvelle-aquitaine.fr\/\"><\/a><\/p>\n<\/li>\n<li>\n<p><img decoding=\"async\" src=\"\/wp-content\/uploads\/2021\/09\/Logo_PCF.jpg\" alt=\"Groupe Communiste, Ecologique, Citoyen\"><\/p>\n<h2>Communiste, Ecologique, Citoyen<\/h2>\n<\/li>\n<li>\n<p><img decoding=\"async\" src=\"\/wp-content\/uploads\/2021\/09\/Logo_PRG-1.jpg\" alt=\"Groupe Parti radical de gauche Le Centre gauche\"><\/p>\n<h2>Parti radical de gauche &#8211; Le Centre gauche<\/h2>\n<\/li>\n<li>\n<p><img decoding=\"async\" src=\"\/wp-content\/uploads\/2024\/08\/Logo_Ecologistes-.png\" alt=\"groupe \u00e9cologiste, solidaire &#038; citoyen\"><\/p>\n<h2>Ecologiste, Solidaire et Citoyen<\/h2>\n<p><a href=\"https:\/\/ecologistes-nouvelle-aquitaine.fr\/\"><\/a><\/p>\n<\/li>\n<li>\n<p><img decoding=\"async\" src=\"\/wp-content\/uploads\/2024\/07\/Logo_re.png\" alt=\"Groupe Renaissance\"><\/p>\n<h2>Renaissance<\/h2>\n<p><a href=\"https:\/\/re.groupes-politiques-nouvelle-aquitaine.fr\/\"><\/a><\/p>\n<\/li>\n<li>\n<p><img decoding=\"async\" src=\"\/wp-content\/uploads\/2021\/12\/Logo-centre-rectangle-.png\" alt=\"Groupe Centre et ind\u00e9pendants\"><\/p>\n<h2>Centre et ind\u00e9pendants<\/h2>\n<p><a href=\"https:\/\/centre-independants.groupes-politiques-nouvelle-aquitaine.fr\/\"><\/a><\/p>\n<\/li>\n<li>\n<p><img decoding=\"async\" src=\"\/wp-content\/uploads\/2021\/09\/Logo_les-Republicains.jpg\" alt=\"Les r\u00e9publicains\"><\/p>\n<h2>Les R\u00e9publicains<\/h2>\n<p><a href=\"https:\/\/www.lesrepublicains-nouvelleaquitaine.fr\/\"><\/a><\/p>\n<\/li>\n<li>\n<p><img decoding=\"async\" src=\"\/wp-content\/uploads\/2021\/09\/Logo_UDI.jpg\" alt=\"UDI R\u00e9gion Nouvelle-Aquitaine\"><\/p>\n<h2>UDI et Territoires<\/h2>\n<\/li>\n<li>\n<p><img decoding=\"async\" src=\"\/wp-content\/uploads\/2021\/09\/Logo_RN.jpg\" alt=\"Rassemblement national\"><\/p>\n<h2>Rassemblement national<\/h2>\n<\/li>\n<\/ul>\n<p>[chevron-down]<\/p>\n<h2>D\u00e9couvrir le Conseil R\u00e9gional<\/h2>\n<div>\n<ul>\n<li><a href=\"https:\/\/www.nouvelle-aquitaine.fr\/linstitution\/les-elus\" target=\"_blank\" rel=\"noopener\" class=\"customize-unpreviewable\">Les \u00e9lus de la R\u00e9gion Nouvelle-Aquitaine<\/a><\/li>\n<li><a href=\"https:\/\/www.nouvelle-aquitaine.fr\/linstitution\/le-conseil-regional\/les-seances-plenieres\" target=\"_blank\" rel=\"noopener\" class=\"customize-unpreviewable\">Les s\u00e9ances pl\u00e9ni\u00e8res du conseil R\u00e9gional<\/a><\/li>\n<li><a href=\"https:\/\/www.nouvelle-aquitaine.fr\/linstitution\/le-conseil-regional\/les-commissions-permanentes\" target=\"_blank\" rel=\"noopener\" class=\"customize-unpreviewable\">Les commissions permanentes<\/a><\/li>\n<\/ul>\n<\/div>\n<p>\n    <a href=\"https:\/\/www.nouvelle-aquitaine.fr\/\">Visiter le site de la R\u00e9gion Nouvelle-Aquitaine<\/a>\n<\/p>\n<p><!--more--><br \/>\n<!-- {\"name\":\"About\",\"type\":\"layout\",\"children\":[{\"type\":\"section\",\"props\":{\"header_transparent\":true,\"header_transparent_noplaceholder\":false,\"header_transparent_text_color\":\"dark\",\"image_position\":\"top-center\",\"media_visibility\":\"l\",\"padding\":\"small\",\"style\":\"default\",\"title_breakpoint\":\"xl\",\"title_position\":\"top-left\",\"title_rotation\":\"left\",\"vertical_align\":\"\",\"width\":\"default\"},\"children\":[{\"type\":\"row\",\"children\":[{\"type\":\"column\",\"props\":{\"image_position\":\"center-center\",\"position_sticky_breakpoint\":\"m\",\"width_medium\":\"1-1\"},\"children\":[{\"type\":\"headline\",\"props\":{\"content\":\"Tribune d'expression des groupes politiques de la R\\u00e9gion Nouvelle-Aquitaine\",\"text_align\":\"center\",\"title_element\":\"h1\",\"title_style\":\"heading-small\"}},{\"type\":\"headline\",\"props\":{\"content\":\"\n\n<p><span>L'ensemble des groupes politiques de l'assembl\\u00e9e de la R\\u00e9gion Nouvelle-Aquitaine <br \\\/><\\\/span><span>dispose d'un espace de libre expression.<\\\/span><\\\/p>\",\"text_align\":\"center\",\"title_element\":\"div\",\"title_font_family\":\"default\",\"title_style\":\"h3\"}}]}],\"props\":{\"width\":\"small\"}}],\"name\":\"About\"},{\"type\":\"section\",\"props\":{\"image_position\":\"center-center\",\"padding_remove_top\":false,\"style\":\"default\",\"title_breakpoint\":\"xl\",\"title_position\":\"top-left\",\"title_rotation\":\"left\",\"vertical_align\":\"\",\"width\":\"default\"},\"children\":[{\"type\":\"row\",\"children\":[{\"type\":\"column\",\"props\":{\"image_position\":\"center-center\",\"position_sticky_breakpoint\":\"m\"},\"children\":[{\"type\":\"grid\",\"props\":{\"content_column_breakpoint\":\"m\",\"filter\":false,\"filter_align\":\"left\",\"filter_all\":true,\"filter_grid_breakpoint\":\"m\",\"filter_grid_width\":\"auto\",\"filter_position\":\"top\",\"filter_style\":\"tab\",\"grid_column_align\":false,\"grid_column_gap\":\"large\",\"grid_default\":\"1\",\"grid_medium\":\"3\",\"grid_row_align\":false,\"grid_row_gap\":\"large\",\"grid_small\":\"2\",\"icon_width\":80,\"image_align\":\"top\",\"image_grid_breakpoint\":\"m\",\"image_grid_width\":\"1-2\",\"image_svg_color\":\"emphasis\",\"item_animation\":false,\"item_maxwidth\":\"large\",\"lightbox\":false,\"lightbox_image_orientation\":false,\"link_style\":\"\",\"link_target\":true,\"link_text\":\"\",\"margin\":\"\",\"meta_align\":\"below-title\",\"meta_element\":\"div\",\"meta_style\":\"text-meta\",\"panel_link\":true,\"show_content\":true,\"show_image\":true,\"show_link\":true,\"show_meta\":false,\"show_title\":true,\"text_align\":\"center\",\"title_align\":\"top\",\"title_decoration\":\"divider\",\"title_element\":\"h2\",\"title_font_family\":\"primary\",\"title_grid_breakpoint\":\"m\",\"title_grid_width\":\"auto\",\"title_hover_style\":\"heading\",\"title_link\":true,\"title_style\":\"h5\"},\"children\":[{\"type\":\"grid_item\",\"props\":{\"image\":\"wp-content\\\/uploads\\\/2021\\\/09\\\/Logo_PS.jpg\",\"image_alt\":\"Logo Groupe PS et apparent\\u00e9s\",\"link\":\"https:\\\/\\\/socialistes-apparentes.groupes-politiques-nouvelle-aquitaine.fr\\\/\",\"title\":\"Parti Socialiste - Place Publique - Apparent\\u00e9s\"}},{\"type\":\"grid_item\",\"props\":{\"image\":\"wp-content\\\/uploads\\\/2021\\\/09\\\/Logo_PCF.jpg\",\"image_alt\":\"Groupe Communiste, Ecologique, Citoyen\",\"title\":\"Communiste, Ecologique, Citoyen\"}},{\"type\":\"grid_item\",\"props\":{\"image\":\"wp-content\\\/uploads\\\/2021\\\/09\\\/Logo_PRG-1.jpg\",\"image_alt\":\"Groupe Parti radical de gauche Le Centre gauche\",\"title\":\"Parti radical de gauche - Le Centre gauche\"}},{\"type\":\"grid_item\",\"props\":{\"image\":\"wp-content\\\/uploads\\\/2024\\\/08\\\/Logo_Ecologistes-.png\",\"image_alt\":\"groupe \\u00e9cologiste, solidaire & citoyen\",\"link\":\"https:\\\/\\\/ecologistes-nouvelle-aquitaine.fr\\\/\",\"title\":\"Ecologiste, Solidaire et Citoyen\"}},{\"type\":\"grid_item\",\"props\":{\"image\":\"wp-content\\\/uploads\\\/2024\\\/07\\\/Logo_re.png\",\"image_alt\":\"Groupe Renaissance\",\"link\":\"https:\\\/\\\/re.groupes-politiques-nouvelle-aquitaine.fr\\\/\",\"title\":\"Renaissance\"}},{\"type\":\"grid_item\",\"props\":{\"image\":\"wp-content\\\/uploads\\\/2021\\\/12\\\/Logo-centre-rectangle-.png\",\"image_alt\":\"Groupe Centre et ind\\u00e9pendants\",\"link\":\"https:\\\/\\\/centre-independants.groupes-politiques-nouvelle-aquitaine.fr\\\/\",\"title\":\"Centre et ind\\u00e9pendants\"}},{\"type\":\"grid_item\",\"props\":{\"image\":\"wp-content\\\/uploads\\\/2021\\\/09\\\/Logo_les-Republicains.jpg\",\"image_alt\":\"Les r\\u00e9publicains\",\"link\":\"https:\\\/\\\/www.lesrepublicains-nouvelleaquitaine.fr\\\/\",\"title\":\"Les R\\u00e9publicains\"}},{\"type\":\"grid_item\",\"props\":{\"image\":\"wp-content\\\/uploads\\\/2021\\\/09\\\/Logo_UDI.jpg\",\"image_alt\":\"UDI R\\u00e9gion Nouvelle-Aquitaine\",\"title\":\"UDI et Territoires\"}},{\"type\":\"grid_item\",\"props\":{\"image\":\"wp-content\\\/uploads\\\/2021\\\/09\\\/Logo_RN.jpg\",\"image_alt\":\"Rassemblement national\",\"title\":\"Rassemblement national\"}}]}]}]},{\"type\":\"row\",\"props\":{\"margin\":\"xlarge\"},\"children\":[{\"type\":\"column\",\"props\":{\"image_position\":\"center-center\",\"position_sticky_breakpoint\":\"m\"},\"children\":[{\"type\":\"icon\",\"props\":{\"icon\":\"chevron-down\",\"icon_color\":\"muted\",\"icon_width\":\"30\",\"margin\":\"default\",\"text_align\":\"center\"}}]}]}]},{\"type\":\"section\",\"props\":{\"image_position\":\"center-center\",\"padding_remove_bottom\":false,\"style\":\"muted\",\"title_breakpoint\":\"xl\",\"title_position\":\"top-left\",\"title_rotation\":\"left\",\"vertical_align\":\"\",\"width\":\"default\"},\"children\":[{\"type\":\"row\",\"props\":{\"layout\":\"1-2,1-2\"},\"children\":[{\"type\":\"column\",\"props\":{\"image\":\"wp-content\\\/uploads\\\/2021\\\/06\\\/HOTEL_DE_REGION_SBR_HDR_50_0-scaled.jpeg\",\"image_position\":\"bottom-right\",\"image_size\":\"cover\",\"position_sticky_breakpoint\":\"m\",\"vertical_align\":\"middle\",\"width_small\":\"1-2\"}},{\"type\":\"column\",\"props\":{\"image_position\":\"center-center\",\"position_sticky_breakpoint\":\"m\",\"vertical_align\":\"middle\",\"width_small\":\"1-2\"},\"children\":[{\"type\":\"headline\",\"props\":{\"content\":\"D\\u00e9couvrir le Conseil R\\u00e9gional\",\"title_element\":\"h2\",\"title_style\":\"h2\"}},{\"type\":\"text\",\"props\":{\"column_breakpoint\":\"m\",\"content\":\"\n\n<ul>\\n\n\n<li><a href=\\\"https:\\\/\\\/www.nouvelle-aquitaine.fr\\\/linstitution\\\/les-elus\\\" target=\\\"_blank\\\" rel=\\\"noopener\\\" class=\\\"customize-unpreviewable\\\">Les \\u00e9lus de la R\\u00e9gion Nouvelle-Aquitaine<\\\/a><\\\/li>\\n\n\n<li><a href=\\\"https:\\\/\\\/www.nouvelle-aquitaine.fr\\\/linstitution\\\/le-conseil-regional\\\/les-seances-plenieres\\\" target=\\\"_blank\\\" rel=\\\"noopener\\\" class=\\\"customize-unpreviewable\\\">Les s\\u00e9ances pl\\u00e9ni\\u00e8res du conseil R\\u00e9gional<\\\/a><\\\/li>\\n\n\n<li><a href=\\\"https:\\\/\\\/www.nouvelle-aquitaine.fr\\\/linstitution\\\/le-conseil-regional\\\/les-commissions-permanentes\\\" target=\\\"_blank\\\" rel=\\\"noopener\\\" class=\\\"customize-unpreviewable\\\">Les commissions permanentes<\\\/a><\\\/li>\\n<\\\/ul>\",\"margin\":\"medium\",\"maxwidth\":\"large\"}},{\"type\":\"button\",\"props\":{\"grid_column_gap\":\"small\",\"grid_row_gap\":\"small\",\"margin\":\"\"},\"children\":[{\"type\":\"button_item\",\"props\":{\"button_style\":\"primary\",\"content\":\"Visiter le site de la R\\u00e9gion Nouvelle-Aquitaine\",\"icon_align\":\"left\",\"link\":\"https:\\\/\\\/www.nouvelle-aquitaine.fr\\\/\",\"link_target\":\"blank\"}}]}]}]}],\"name\":\"Call to Action\"}],\"version\":\"4.4.7\"} --><\/p>\n","protected":false},"excerpt":{"rendered":"<p>Tribune d&rsquo;expression des groupes politiques de la R\u00e9gion Nouvelle-Aquitaine L&rsquo;ensemble des groupes politiques de l&rsquo;assembl\u00e9e de la R\u00e9gion Nouvelle-Aquitaine dispose d&rsquo;un espace de libre expression. Parti Socialiste &#8211; Place Publique &#8211; Apparent\u00e9s Communiste, Ecologique, Citoyen Parti radical de gauche &#8211; Le Centre gauche Ecologiste, Solidaire et Citoyen Renaissance Centre et ind\u00e9pendants Les R\u00e9publicains UDI et [&hellip;]<\/p>\n","protected":false},"author":2,"featured_media":0,"parent":0,"menu_order":1,"comment_status":"closed","ping_status":"closed","template":"","meta":{"_acf_changed":false,"footnotes":""},"class_list":["post-1","page","type-page","status-publish","hentry"],"acf":[],"_links":{"self":[{"href":"https:\/\/www.groupes-politiques-nouvelle-aquitaine.fr\/index.php?rest_route=\/wp\/v2\/pages\/1","targetHints":{"allow":["GET"]}}],"collection":[{"href":"https:\/\/www.groupes-politiques-nouvelle-aquitaine.fr\/index.php?rest_route=\/wp\/v2\/pages"}],"about":[{"href":"https:\/\/www.groupes-politiques-nouvelle-aquitaine.fr\/index.php?rest_route=\/wp\/v2\/types\/page"}],"author":[{"embeddable":true,"href":"https:\/\/www.groupes-politiques-nouvelle-aquitaine.fr\/index.php?rest_route=\/wp\/v2\/users\/2"}],"replies":[{"embeddable":true,"href":"https:\/\/www.groupes-politiques-nouvelle-aquitaine.fr\/index.php?rest_route=%2Fwp%2Fv2%2Fcomments&post=1"}],"version-history":[{"count":105,"href":"https:\/\/www.groupes-politiques-nouvelle-aquitaine.fr\/index.php?rest_route=\/wp\/v2\/pages\/1\/revisions"}],"predecessor-version":[{"id":1372,"href":"https:\/\/www.groupes-politiques-nouvelle-aquitaine.fr\/index.php?rest_route=\/wp\/v2\/pages\/1\/revisions\/1372"}],"wp:attachment":[{"href":"https:\/\/www.groupes-politiques-nouvelle-aquitaine.fr\/index.php?rest_route=%2Fwp%2Fv2%2Fmedia&parent=1"}],"curies":[{"name":"wp","href":"https:\/\/api.w.org\/{rel}","templated":true}]}}